{"id":2635,"date":"2025-12-05T14:54:43","date_gmt":"2025-12-05T13:54:43","guid":{"rendered":"https:\/\/dizart.si\/varovanje-osebnih-podatkov\/"},"modified":"2025-12-17T09:26:44","modified_gmt":"2025-12-17T08:26:44","slug":"personal-data-protection","status":"publish","type":"page","link":"https:\/\/dizart.si\/en\/personal-data-protection\/","title":{"rendered":"Personal data protection"},"content":{"rendered":"\n<div class=\"wp-block-group has-global-padding is-content-justification-center is-layout-constrained wp-block-group-is-layout-constrained\" data-block-type=\"core\">\n<div class=\"wp-block-group alignwide has-global-padding is-layout-constrained wp-block-group-is-layout-constrained\" data-block-type=\"core\">\n<div class=\"wp-block-stackable-heading stk-block-heading stk-block-heading--v2 stk-block stk-f3d927b\" id=\"varovanje-osebnih-podatkov\" data-block-id=\"f3d927b\"><style>.stk-f3d927b .stk-block-heading__text{font-family:\"Montserrat\", Sans-serif !important;}<\/style><h1 class=\"stk-block-heading__text\">Varovanje osebnih podatkov<\/h1><\/div>\n\n\n\n<div class=\"wp-block-stackable-divider stk-block-divider stk-block stk-b15de9c\" data-block-id=\"b15de9c\"><style>.stk-b15de9c hr.stk-block-divider__hr{background:#d8d8d8 !important;height:1px !important;width:100% !important;}.stk-b15de9c {margin-bottom:70px !important;}@media screen and (max-width: 1023px){.stk-b15de9c {margin-bottom:50px !important;}}@media screen and (max-width: 767px){.stk-b15de9c {margin-bottom:32px !important;}}<\/style><hr class=\"stk-block-divider__hr\"\/><\/div>\n\n\n\n<div class=\"wp-block-stackable-text stk-block-text stk-block stk-530cbd8\" data-block-id=\"530cbd8\"><p class=\"stk-block-text__text\">Varovanje va\u0161e zasebnosti nam je pomembno, zato vam \u017eelimo s temi informacijami pomagati razumeti, katere va\u0161e osebne podatke zbiramo, zakaj jih zbiramo, kako jih uporabljamo, katere postopke obdelave izvajamo ter kak\u0161ne so va\u0161e pravice in kako jih lahko uveljavite.<\/p><\/div>\n\n\n\n<div class=\"wp-block-stackable-text stk-block-text stk-block stk-0d8dd93\" data-block-id=\"0d8dd93\"><p class=\"stk-block-text__text\"><strong>1. Splo\u0161no<\/strong><\/p><\/div>\n\n\n\n<div class=\"wp-block-stackable-text stk-block-text stk-block stk-31bb0a0\" data-block-id=\"31bb0a0\"><p class=\"stk-block-text__text\">Dizart, Bla\u017e Kogov\u0161ek s.p., Kamnogori\u0161ka cesta 70, 1000 Ljubljana (v nadaljevanju: upravljavec) se zaveda pomembnosti varovanja osebnih podatkov, zato je to podro\u010dje uskladil z Evropsko uredbo EU 2016\/679 o varstvu posameznikov pri obdelavi osebnih podatkov in o prostem pretoku takih podatkov ter o razveljavitvi Direktive 95\/46\/ES (v nadaljevanju GDPR).<\/p><\/div>\n\n\n\n<div class=\"wp-block-stackable-text stk-block-text stk-block stk-68b1599\" data-block-id=\"68b1599\"><p class=\"stk-block-text__text\">Glavni cilj upravljavca je, da vam ponudi vrhunsko storitev in s tem dose\u017ee va\u0161e optimalno zadovoljstvo. Upravljavcu zbiranje in obdelava nekaterih osebnih podatkov omogo\u010data hitrej\u0161e in bolj\u0161e prilagajanje va\u0161im potrebam in \u017eeljam, vam pa zagotavljata u\u010dinkovitej\u0161o komunikacijo in bolj\u0161o uporabni\u0161ko izku\u0161njo.<\/p><\/div>\n\n\n\n<div class=\"wp-block-stackable-text stk-block-text stk-block stk-8aaf587\" data-block-id=\"8aaf587\"><p class=\"stk-block-text__text\">Upravljavec skrbno hrani in varuje va\u0161e osebne podatke, da ne bi pri\u0161lo do morebitnih neupravi\u010denih razkritij podatkov nepoobla\u0161\u010denim osebam.<\/p><\/div>\n\n\n\n<div class=\"wp-block-stackable-text stk-block-text stk-block stk-170bd52\" data-block-id=\"170bd52\"><p class=\"stk-block-text__text\"><strong>2. Osebni podatki<\/strong><\/p><\/div>\n\n\n\n<div class=\"wp-block-stackable-text stk-block-text stk-block stk-2f73d56\" data-block-id=\"2f73d56\"><p class=\"stk-block-text__text\">Skladno z GDPR osebni podatek pomeni katerokoli informacijo v zvezi z dolo\u010denim ali dolo\u010dljivim posameznikom.<\/p><\/div>\n\n\n\n<div class=\"wp-block-stackable-text stk-block-text stk-block stk-16d9aa5\" data-block-id=\"16d9aa5\"><p class=\"stk-block-text__text\">Upravljavec zbira in obdeluje izklju\u010dno le tiste va\u0161e osebne podatke, ki ste jih posredovali ob prijavi na dolo\u010deno storitev (prijava na e-novice ali z izpolnitvijo obrazca za neobvezujo\u010de povpra\u0161evanje). Ti osebni podatki so: ime in priimek, podjetje, telefonska \u0161tevilka, e-po\u0161tni naslov in IP naslov.<\/p><\/div>\n\n\n\n<div class=\"wp-block-stackable-text stk-block-text stk-block stk-af608b7\" data-block-id=\"af608b7\"><p class=\"stk-block-text__text\">\u010ce posredujete podatke v imenu nekoga drugega, morate zagotoviti, da je bil ta predhodno obve\u0161\u010den in seznanjen s tem obvestilom o varovanju osebnih podatkov. \u010ce ste mlaj\u0161i od 16 let, osebne podatke posredujte le, \u010de imate za to dovoljenje star\u0161a ali zakonitega zastopnika.<\/p><\/div>\n\n\n\n<div class=\"wp-block-stackable-text stk-block-text stk-block stk-042b281\" data-block-id=\"042b281\"><p class=\"stk-block-text__text\">Upravljavec vas napro\u0161a, da zaradi ohranjanja a\u017eurnosti podatkov, sporo\u010dite vsako spremembo svojih kontaktnih podatkov.<\/p><\/div>\n\n\n\n<div class=\"wp-block-stackable-text stk-block-text stk-block stk-0c412a0\" data-block-id=\"0c412a0\"><p class=\"stk-block-text__text\"><strong>3. Varstvo osebnih podatkov<\/strong><\/p><\/div>\n\n\n\n<div class=\"wp-block-stackable-text stk-block-text stk-block stk-948de57\" data-block-id=\"948de57\"><p class=\"stk-block-text__text\">Upravljavec osebne podatke uporablja in obdeluje na podlagi veljavne slovenske zakonodaje in prava Evropske unije.<\/p><\/div>\n\n\n\n<div class=\"wp-block-stackable-text stk-block-text stk-block stk-4647663\" data-block-id=\"4647663\"><p class=\"stk-block-text__text\">Upravljavec kot upravljavec osebnih podatkov spo\u0161tuje va\u0161o zasebnost in se zavezuje, da bo vse pridobljene osebne podatke skrbno varoval in jih brez va\u0161e privolitve ne bo posredoval tretji osebi oziroma jih uporabil v druge namene, kot v namene, za katere so bili osebni podatki posredovani.<\/p><\/div>\n\n\n\n<div class=\"wp-block-stackable-text stk-block-text stk-block stk-74732bd\" data-block-id=\"74732bd\"><p class=\"stk-block-text__text\">Osebni podatki, ki jih je upravljavec zbral od vas, se lahko prenesejo tretjim osebam, pri \u010demer mora biti zagotovljeno, da obstaja pravna podlaga za prenos (va\u0161e izrecno soglasje ali zakonska dolo\u010dba).<\/p><\/div>\n\n\n\n<div class=\"wp-block-stackable-text stk-block-text stk-block stk-4c95613\" data-block-id=\"4c95613\"><p class=\"stk-block-text__text\">Vsi va\u0161i osebni podatki so shranjeni na varnih stre\u017enikih upravljavca ali na varnih stre\u017enikih podizvajalcev ali poslovnih partnerjev upravljavca (ali v varni tiskani obliki), pri \u010demer se pri dostopu do njih in njihovi uporabi uporabljajo politike in standardi glede varnosti upravljavca.<\/p><\/div>\n\n\n\n<div class=\"wp-block-stackable-text stk-block-text stk-block stk-9aa7ea2\" data-block-id=\"9aa7ea2\"><p class=\"stk-block-text__text\">\u010ceprav pri prenosu podatkov prek spleta ali spletne strani ni mogo\u010de zagotoviti popolne za\u0161\u010dite pred kibernetskimi napadi, si upravljavec s svojimi podizvajalci in poslovnimi partnerji mo\u010dno prizadeva izvajati fizi\u010dne, elektronske in postopkovne za\u0161\u010ditne ukrepe za za\u0161\u010dito va\u0161ih podatkov v skladu z veljavnimi zahtevami glede varstva podatkov.<\/p><\/div>\n\n\n\n<div class=\"wp-block-stackable-text stk-block-text stk-block stk-c4dd6e7\" data-block-id=\"c4dd6e7\"><p class=\"stk-block-text__text\">Dostop do va\u0161ih podatkov je upravljavec omejil na tiste osebe, ki jih potrebujejo za zadevni namen.<\/p><\/div>\n\n\n\n<div class=\"wp-block-stackable-text stk-block-text stk-block stk-18a643a\" data-block-id=\"18a643a\"><p class=\"stk-block-text__text\"><strong>4. \u010cas hrambe osebnih podatkov<\/strong><\/p><\/div>\n\n\n\n<div class=\"wp-block-stackable-text stk-block-text stk-block stk-9122268\" data-block-id=\"9122268\"><p class=\"stk-block-text__text\">Obdobje hrambe osebnih podatkov je odvisno od podlage in namena obdelave posamezne kategorije osebnih podatkov. Osebni podatki se hranijo le toliko \u010dasa, kolikor je to predpisano oziroma dovoljeno ter potrebno za dosego namena, zaradi katerega so se zbirali ali nadalje obdelovali. Osebni podatki se po izpolnitvi namena obdelav, \u010de ne obstaja druga pravna podlaga ali \u010de je to potrebno za uveljavljanje, izvajanje ali obrambo pravnih zahtevkov, izbri\u0161ejo, uni\u010dijo, blokirajo ali anonimizirajo.<\/p><\/div>\n\n\n\n<div class=\"wp-block-stackable-text stk-block-text stk-block stk-690d58f\" data-block-id=\"690d58f\"><p class=\"stk-block-text__text\"><strong>5. Va\u0161e pravice<\/strong><\/p><\/div>\n\n\n\n<div class=\"wp-block-stackable-text stk-block-text stk-block stk-c5db54c\" data-block-id=\"c5db54c\"><p class=\"stk-block-text__text\">Pravico imate, da:<\/p><\/div>\n\n\n\n<ul class=\"wp-block-list\" data-block-type=\"core\">\n<li data-block-type=\"core\">zahtevate, da vam upravljavec zagotovi nadaljnje podrobnosti o tem, kako upravljavec uporablja va\u0161e podatke,<\/li>\n\n\n\n<li data-block-type=\"core\">dostopate do va\u0161ih osebnih podatkov in kopij podatkov, ki ste jih posredovali upravljavcu,<\/li>\n\n\n\n<li data-block-type=\"core\">prejmete osebne podatke, ki ste jih posredovali upravljavcu, v strukturirani, splo\u0161no uporabljani in strojno berljivi obliki, in pravico, da te podatke brez oviranja posredujete drugemu upravljavcu, kadar je to tehni\u010dno izvedljivo, \u010de obdelava va\u0161ih podatkov temelji na va\u0161i privolitvi ali pogodbi in se izvaja z avtomatiziranimi sredstvi,<\/li>\n\n\n\n<li data-block-type=\"core\">od upravljavca zahtevate, da posodobi vse neto\u010dnosti v podatkih, ki jih hrani,<\/li>\n\n\n\n<li data-block-type=\"core\">od upravljavca zahtevate, da izbri\u0161e vse podatke, za uporabo katerih nima ve\u010d zakonite podlage,<\/li>\n\n\n\n<li data-block-type=\"core\">kadar obdelava temelji na privolitvi in v zvezi s kakr\u0161nim koli neposrednim tr\u017eenjem, prekli\u010dete svoje privolitev z veljavnostjo za naprej, tako da upravljavec preneha z navedeno obdelavo,<\/li>\n\n\n\n<li data-block-type=\"core\">ugovarjate kakr\u0161nikoli obdelavi, ki temelji na zakonitih interesih, zaradi va\u0161ih posebnih okoli\u0161\u010din, razen \u010de imajo razlogi upravljavca za navedeno obdelavo prednost pred kakr\u0161nim koli poseganjem v va\u0161e pravice glede varstva podatkov,<\/li>\n\n\n\n<li data-block-type=\"core\">od upravljavca zahtevate, da omeji na\u010din, kako uporablja va\u0161e podatke, na primer med prou\u010devanjem prito\u017ebe.<\/li>\n<\/ul>\n\n\n\n<div class=\"wp-block-stackable-text stk-block-text stk-block stk-9dd8611\" data-block-id=\"9dd8611\"><p class=\"stk-block-text__text\">Glede uresni\u010devanja teh pravic veljajo nekatere izjeme pri varovanju javnega interesa (npr. prepre\u010devanje ali odkrivanje kaznivih dejanj), interesov upravljavca (npr. zagotavljanje varovanja zaupnosti) ali pravic in svobo\u0161\u010din drugih. \u010ce boste uveljavljali katerokoli od teh pravic, bo upravljavec preveril va\u0161o upravi\u010denost in odgovoril brez nepotrebnega odla\u0161anja, vendar najpozneje v mesecu dni. V zapletenih primerih ali ob prejetju velikega \u0161tevila zahtev, se lahko ta rok podalj\u0161a za nadaljnja dva meseca, o \u010demer vas bo upravljavec obvestil.<\/p><\/div>\n\n\n\n<div class=\"wp-block-stackable-text stk-block-text stk-block stk-e40e62f\" data-block-id=\"e40e62f\"><p class=\"stk-block-text__text\">Kadarkoli imate pravico vlo\u017eiti prito\u017ebo pri nadzornem organu za varstvo osebnih podatkov: Informacijski poobla\u0161\u010denec, Zalo\u0161ka 59, 1000 Ljubljana. <a href=\"http:\/\/www.ip-rs.si\" target=\"_blank\" rel=\"noreferrer noopener nofollow\">www.ip-rs.si<\/a>.<\/p><\/div>\n\n\n\n<div class=\"wp-block-stackable-text stk-block-text stk-block stk-3db4049\" data-block-id=\"3db4049\"><p class=\"stk-block-text__text\"><strong>6. Upravljavec<\/strong><\/p><\/div>\n\n\n\n<div class=\"wp-block-stackable-text stk-block-text stk-block stk-c8e7354\" data-block-id=\"c8e7354\"><p class=\"stk-block-text__text\">Upravljavec va\u0161ih osebnih podatkov je Dizart, Bla\u017e Kogov\u0161ek s.p. Kamnogori\u0161ka cesta 70, 1000 Ljubljana<\/p><\/div>\n\n\n\n<div class=\"wp-block-stackable-text stk-block-text stk-block stk-ff9d456\" data-block-id=\"ff9d456\"><p class=\"stk-block-text__text\">Kontaktni naslov za varstvo va\u0161ih podatkov je <a href=\"mailto:Blaz.kogovsek@dizart.si\">Blaz.kogovsek@dizart.si<\/a><\/p><\/div>\n<\/div>\n<\/div>\n","protected":false},"excerpt":{"rendered":"<p>Varovanje osebnih podatkov Varovanje va\u0161e zasebnosti nam je pomembno, zato vam \u017eelimo s temi informacijami pomagati razumeti, katere va\u0161e osebne podatke zbiramo, zakaj jih zbiramo, kako jih uporabljamo, katere postopke obdelave izvajamo ter kak\u0161ne so va\u0161e pravice in kako jih lahko uveljavite. 1. Splo\u0161no Dizart, Bla\u017e Kogov\u0161ek s.p., Kamnogori\u0161ka cesta 70, 1000 Ljubljana (v nadaljevanju: [&hellip;]<\/p>\n","protected":false},"author":4,"featured_media":0,"parent":0,"menu_order":0,"comment_status":"closed","ping_status":"closed","template":"","meta":{"_acf_changed":false,"footnotes":""},"class_list":["post-2635","page","type-page","status-publish","hentry"],"acf":[],"yoast_head":"<!-- This site is optimized with the Yoast SEO plugin v27.5 - https:\/\/yoast.com\/product\/yoast-seo-wordpress\/ -->\n<title>Personal data protection - Dizart<\/title>\n<meta name=\"robots\" content=\"index, follow, max-snippet:-1, max-image-preview:large, max-video-preview:-1\" \/>\n<link rel=\"canonical\" href=\"https:\/\/dizart.si\/en\/personal-data-protection\/\" \/>\n<meta property=\"og:locale\" content=\"en_US\" \/>\n<meta property=\"og:type\" content=\"article\" \/>\n<meta property=\"og:title\" content=\"Personal data protection - Dizart\" \/>\n<meta property=\"og:description\" content=\"Varovanje osebnih podatkov Varovanje va\u0161e zasebnosti nam je pomembno, zato vam \u017eelimo s temi informacijami pomagati razumeti, katere va\u0161e osebne podatke zbiramo, zakaj jih zbiramo, kako jih uporabljamo, katere postopke obdelave izvajamo ter kak\u0161ne so va\u0161e pravice in kako jih lahko uveljavite. 1. Splo\u0161no Dizart, Bla\u017e Kogov\u0161ek s.p., Kamnogori\u0161ka cesta 70, 1000 Ljubljana (v nadaljevanju: [&hellip;]\" \/>\n<meta property=\"og:url\" content=\"https:\/\/dizart.si\/en\/personal-data-protection\/\" \/>\n<meta property=\"og:site_name\" content=\"Dizart\" \/>\n<meta property=\"article:modified_time\" content=\"2025-12-17T08:26:44+00:00\" \/>\n<meta name=\"twitter:card\" content=\"summary_large_image\" \/>\n<meta name=\"twitter:label1\" content=\"Est. reading time\" \/>\n\t<meta name=\"twitter:data1\" content=\"5 minutes\" \/>\n<script type=\"application\/ld+json\" class=\"yoast-schema-graph\">{\"@context\":\"https:\\\/\\\/schema.org\",\"@graph\":[{\"@type\":\"WebPage\",\"@id\":\"https:\\\/\\\/dizart.si\\\/en\\\/personal-data-protection\\\/\",\"url\":\"https:\\\/\\\/dizart.si\\\/en\\\/personal-data-protection\\\/\",\"name\":\"Personal data protection - Dizart\",\"isPartOf\":{\"@id\":\"https:\\\/\\\/dizart.si\\\/en\\\/#website\"},\"datePublished\":\"2025-12-05T13:54:43+00:00\",\"dateModified\":\"2025-12-17T08:26:44+00:00\",\"breadcrumb\":{\"@id\":\"https:\\\/\\\/dizart.si\\\/en\\\/personal-data-protection\\\/#breadcrumb\"},\"inLanguage\":\"en-US\",\"potentialAction\":[{\"@type\":\"ReadAction\",\"target\":[\"https:\\\/\\\/dizart.si\\\/en\\\/personal-data-protection\\\/\"]}]},{\"@type\":\"BreadcrumbList\",\"@id\":\"https:\\\/\\\/dizart.si\\\/en\\\/personal-data-protection\\\/#breadcrumb\",\"itemListElement\":[{\"@type\":\"ListItem\",\"position\":1,\"name\":\"Domov\",\"item\":\"https:\\\/\\\/dizart.si\\\/en\\\/\"},{\"@type\":\"ListItem\",\"position\":2,\"name\":\"Personal data protection\"}]},{\"@type\":\"WebSite\",\"@id\":\"https:\\\/\\\/dizart.si\\\/en\\\/#website\",\"url\":\"https:\\\/\\\/dizart.si\\\/en\\\/\",\"name\":\"Dizart\",\"description\":\"Oblikovanje pohi\u0161tva\",\"potentialAction\":[{\"@type\":\"SearchAction\",\"target\":{\"@type\":\"EntryPoint\",\"urlTemplate\":\"https:\\\/\\\/dizart.si\\\/en\\\/?s={search_term_string}\"},\"query-input\":{\"@type\":\"PropertyValueSpecification\",\"valueRequired\":true,\"valueName\":\"search_term_string\"}}],\"inLanguage\":\"en-US\"}]}<\/script>\n<!-- \/ Yoast SEO plugin. -->","yoast_head_json":{"title":"Personal data protection - Dizart","robots":{"index":"index","follow":"follow","max-snippet":"max-snippet:-1","max-image-preview":"max-image-preview:large","max-video-preview":"max-video-preview:-1"},"canonical":"https:\/\/dizart.si\/en\/personal-data-protection\/","og_locale":"en_US","og_type":"article","og_title":"Personal data protection - Dizart","og_description":"Varovanje osebnih podatkov Varovanje va\u0161e zasebnosti nam je pomembno, zato vam \u017eelimo s temi informacijami pomagati razumeti, katere va\u0161e osebne podatke zbiramo, zakaj jih zbiramo, kako jih uporabljamo, katere postopke obdelave izvajamo ter kak\u0161ne so va\u0161e pravice in kako jih lahko uveljavite. 1. Splo\u0161no Dizart, Bla\u017e Kogov\u0161ek s.p., Kamnogori\u0161ka cesta 70, 1000 Ljubljana (v nadaljevanju: [&hellip;]","og_url":"https:\/\/dizart.si\/en\/personal-data-protection\/","og_site_name":"Dizart","article_modified_time":"2025-12-17T08:26:44+00:00","twitter_card":"summary_large_image","twitter_misc":{"Est. reading time":"5 minutes"},"schema":{"@context":"https:\/\/schema.org","@graph":[{"@type":"WebPage","@id":"https:\/\/dizart.si\/en\/personal-data-protection\/","url":"https:\/\/dizart.si\/en\/personal-data-protection\/","name":"Personal data protection - Dizart","isPartOf":{"@id":"https:\/\/dizart.si\/en\/#website"},"datePublished":"2025-12-05T13:54:43+00:00","dateModified":"2025-12-17T08:26:44+00:00","breadcrumb":{"@id":"https:\/\/dizart.si\/en\/personal-data-protection\/#breadcrumb"},"inLanguage":"en-US","potentialAction":[{"@type":"ReadAction","target":["https:\/\/dizart.si\/en\/personal-data-protection\/"]}]},{"@type":"BreadcrumbList","@id":"https:\/\/dizart.si\/en\/personal-data-protection\/#breadcrumb","itemListElement":[{"@type":"ListItem","position":1,"name":"Domov","item":"https:\/\/dizart.si\/en\/"},{"@type":"ListItem","position":2,"name":"Personal data protection"}]},{"@type":"WebSite","@id":"https:\/\/dizart.si\/en\/#website","url":"https:\/\/dizart.si\/en\/","name":"Dizart","description":"Oblikovanje pohi\u0161tva","potentialAction":[{"@type":"SearchAction","target":{"@type":"EntryPoint","urlTemplate":"https:\/\/dizart.si\/en\/?s={search_term_string}"},"query-input":{"@type":"PropertyValueSpecification","valueRequired":true,"valueName":"search_term_string"}}],"inLanguage":"en-US"}]}},"_links":{"self":[{"href":"https:\/\/dizart.si\/en\/wp-json\/wp\/v2\/pages\/2635","targetHints":{"allow":["GET"]}}],"collection":[{"href":"https:\/\/dizart.si\/en\/wp-json\/wp\/v2\/pages"}],"about":[{"href":"https:\/\/dizart.si\/en\/wp-json\/wp\/v2\/types\/page"}],"author":[{"embeddable":true,"href":"https:\/\/dizart.si\/en\/wp-json\/wp\/v2\/users\/4"}],"replies":[{"embeddable":true,"href":"https:\/\/dizart.si\/en\/wp-json\/wp\/v2\/comments?post=2635"}],"version-history":[{"count":2,"href":"https:\/\/dizart.si\/en\/wp-json\/wp\/v2\/pages\/2635\/revisions"}],"predecessor-version":[{"id":3002,"href":"https:\/\/dizart.si\/en\/wp-json\/wp\/v2\/pages\/2635\/revisions\/3002"}],"wp:attachment":[{"href":"https:\/\/dizart.si\/en\/wp-json\/wp\/v2\/media?parent=2635"}],"curies":[{"name":"wp","href":"https:\/\/api.w.org\/{rel}","templated":true}]}}