{"id":2639,"date":"2025-03-10T09:19:17","date_gmt":"2025-03-10T08:19:17","guid":{"rendered":"https:\/\/dizart.si\/politika-spletnih-piskotkov\/"},"modified":"2025-12-19T08:49:14","modified_gmt":"2025-12-19T07:49:14","slug":"politika-spletnih-piskotkov","status":"publish","type":"page","link":"https:\/\/dizart.si\/en\/politika-spletnih-piskotkov\/","title":{"rendered":"Politka spletnih pi\u0161kotkov"},"content":{"rendered":"\n<div class=\"wp-block-group eplus-wrapper has-global-padding is-layout-constrained wp-container-core-group-is-layout-44680055 wp-block-group-is-layout-constrained\" data-block-type=\"core\">\n<div class=\"wp-block-stackable-heading stk-block-heading stk-block-heading--v2 stk-block stk-f3d927b\" id=\"politika-spletnih-piskotkov\" data-block-id=\"f3d927b\"><h1 class=\"stk-block-heading__text\">Politika spletnih pi\u0161kotkov<\/h1><\/div>\n\n\n\n<div class=\"wp-block-stackable-divider stk-block-divider stk-block stk-a5421aa\" id=\"politika-spletnih-piskotkov\" data-block-id=\"a5421aa\"><style>.stk-a5421aa hr.stk-block-divider__hr{background:#d8d8d8 !important;height:1px !important;width:100% !important;}.stk-a5421aa {margin-bottom:70px !important;}@media screen and (max-width: 1023px){.stk-a5421aa {margin-bottom:50px !important;}}@media screen and (max-width: 767px){.stk-a5421aa {margin-bottom:32px !important;}}<\/style><hr class=\"stk-block-divider__hr\"\/><\/div>\n\n\n\n<div class=\"wp-block-stackable-text stk-block-text stk-block stk-fa557b7\" data-block-id=\"fa557b7\"><p class=\"stk-block-text__text\">Da bi vam olaj\u0161ali uporabo na\u0161e spletne strani in jo naredili bolj prijetno, uporabljamo \u00bbpi\u0161kotke\u00ab.&nbsp;<strong>Pi\u0161kotki so majhne podatkovne enote<\/strong>, ki nam omogo\u010dajo primerjavo novih in predhodnih obiskovalcev, razumevanje, kako uporabljajo na\u0161o stran. Posredujejo nam podatke, s katerimi lahko naredimo prihodnji obisk spletne strani bolj prijeten in u\u010dinkovit. \u010ce ne \u017eelite uporabljati pi\u0161kotkov, nastavite svoj ra\u010dunalnik tako, da izbri\u0161e vse pi\u0161kotke spletnih strani in\/ali vas opozori, preden se pi\u0161kotek shrani na disk. \u010ce ne \u017eelite spremeniti uporabe pi\u0161kotkov, preprosto nadaljujte na spletno stran.<\/p><\/div>\n\n\n\n<p class=\"eplus-wrapper\" data-block-type=\"core\">Za ve\u010d informacij o pi\u0161kotkih in njihovem vplivu na&nbsp;<a href=\"https:\/\/www.aboutcookies.org\/\">www.aboutcookies.org<\/a>.<br><br><\/p>\n\n\n\n<p class=\"eplus-wrapper\" style=\"font-size:22px\" data-block-type=\"core\">VRSTE PI\u0160KOTKOV, KI JIH UPORABLJAMO<\/p>\n\n\n\n<figure id=\"tablepress-1\" class=\"wp-block-table eplus-wrapper\" data-block-type=\"core\"><table><thead><tr><th>Ime pi\u0161kotka<\/th><th>Namen<\/th><th>\u010cas pi\u0161kotka<\/th><th>Stran<\/th><\/tr><\/thead><tbody><tr><td>moove_gdpr_popup<\/td><td>Pi\u0161kotek si zapomni Va\u0161e nastavitve glede pi\u0161kotkov na spletnem mestu<\/td><td>1 leto<\/td><td><code><a href=\"http:\/\/https:\/\/dizart.si\">https:\/\/dizart.si<\/a><\/code><\/td><\/tr><tr><td>_ga<\/td><td>Statistika ogledov spletne strani<\/td><td>1 leto<\/td><td><code><code><a href=\"http:\/\/https:\/\/dizart.si\">https:\/\/dizart.si<\/a><\/code><\/code><\/td><\/tr><tr><td>_lscache_vary<\/td><td>Upravljanje predpomnilnika za dinami\u010dno vsebino<\/td><td>1 leto<\/td><td><code><code><a href=\"http:\/\/https:\/\/dizart.si\">https:\/\/dizart.si<\/a><\/code><\/code><\/td><\/tr><\/tbody><\/table><figcaption class=\"wp-element-caption\"><br><br><\/figcaption><\/figure>\n\n\n\n<p class=\"eplus-wrapper\" style=\"font-size:22px\" data-block-type=\"core\"><strong>Obvezni pi\u0161kotki<\/strong><\/p>\n\n\n\n<p class=\"eplus-wrapper\" data-block-type=\"core\"><br>Ti pi\u0161kotki so nujni za premikanje po spletni strani in uporabo njenih mo\u017enosti, kot je naprimer dostop do varnih obmo\u010dij spletne strani. Brez teh pi\u0161kotkov ni mo\u017eno zagotoviti storitev, ki ste jih zahtevali, naprimer obrazca za nagradno igro ipd.<br><br><\/p>\n\n\n\n<p class=\"eplus-wrapper\" style=\"font-size:22px\" data-block-type=\"core\"><strong>Izvedbeni pi\u0161kotki<\/strong><\/p>\n\n\n\n<p class=\"eplus-wrapper\" data-block-type=\"core\"><br>Ti pi\u0161kotki zbirajo informacije o na\u010dinu uporabe spletne strani, naprimer katere strani uporabniki najpogosteje obi\u0161\u010dejo, in \u010de se na spletnih straneh pojavijo sporo\u010dila o napaki. Ti pi\u0161kotki ne zbirajo informacij, ki bi lahko identificirale uporabnika. Vse zbrane informacije so zdru\u017eene in anonimne. Ti pi\u0161kotki se uporabljajo samo za izbolj\u0161anje delovanja spletne strani.<\/p>\n\n\n\n<p class=\"eplus-wrapper\" data-block-type=\"core\">Z nadaljevanjem uporabe na\u0161e spletne strani po tem, ko ste dobili obvestilo o pi\u0161kotkih se strinjate, da na va\u0161o napravo namestimo to vrsto pi\u0161kotkov.<br><br><\/p>\n\n\n\n<p class=\"eplus-wrapper\" style=\"font-size:22px\" data-block-type=\"core\"><strong>Funkcionalni pi\u0161kotki<\/strong><\/p>\n\n\n\n<p class=\"eplus-wrapper\" data-block-type=\"core\"><br>Ti pi\u0161kotki omogo\u010dajo, da si spletna stran zapomni va\u0161e izbrane mo\u017enosti (na primer va\u0161e uporabni\u0161ko ime, jezik ali regijo, kjer se nahajate) in vam ponudi izbolj\u0161ane, bolj osebne mo\u017enosti. Tako na primer spletna stran Spletnik.si nudi prilagojeno vsebino glede na tematiko \u010dlankov, ki jih je uporabnik ozna\u010dil kot priljubljene. Ti pi\u0161kotki si lahko zapomnijo tudi spremembe velikosti \u010drk in pisave ter drugih delov spletne strani, ki jih lahko prilagodite. Uporabni so tudi za zagotavljanje storitev, ki ste jih zahtevali, kot je ogled videoposnetka ali komentiranje na blogu. Informacije, ki jih zbirajo ti pi\u0161kotki, so lahko anonimne in ne sledijo va\u0161emu brskanju po drugih spletnih straneh.<\/p>\n\n\n\n<p class=\"eplus-wrapper\" data-block-type=\"core\">Z nadaljevanjem uporabe na\u0161e spletne strani po tem, ko ste dobili obvestilo o pi\u0161kotkih se strinjate, da na va\u0161o napravo namestimo to vrsto pi\u0161kotkov.<br><br><\/p>\n\n\n\n<p class=\"eplus-wrapper\" style=\"font-size:22px\" data-block-type=\"core\"><strong>Kako upravljati pi\u0161kotke na osebnem ra\u010dunalniku<\/strong><\/p>\n\n\n\n<p class=\"eplus-wrapper\" data-block-type=\"core\"><br>Klikni za onemogo\u010danje Google Analitike<br>S klikom na \u201conemogo\u010danje Google Analitike\u201d bo analitika onemogo\u010dena za mesec dni.<\/p>\n\n\n\n<p class=\"eplus-wrapper\" data-block-type=\"core\">\u010ce \u017eelite omogo\u010diti pi\u0161kotke na\u0161e spletne strani, sledite spodnjim korakom.<br><br><\/p>\n\n\n\n<p class=\"eplus-wrapper\" style=\"font-size:22px\" data-block-type=\"core\"><strong>Google Chrome<\/strong><br><br><\/p>\n\n\n\n<ol class=\"wp-block-list eplus-wrapper\" data-block-type=\"core\">\n<li class=\"eplus-wrapper\" data-block-type=\"core\">Kliknite \u00bbOrodja\u00ab na vrhu va\u0161ega brskalnika in izberite \u00bbNastavitve\u00ab.<\/li>\n\n\n\n<li class=\"eplus-wrapper\" data-block-type=\"core\">Kliknite \u00bbPrika\u017ei dodatne nastavitve\u00ab in se pomaknite do razdelka \u00bbZasebnost\u00ab ter kliknite gumb \u00bbNastavitve vsebine\u00ab.<\/li>\n\n\n\n<li class=\"eplus-wrapper\" data-block-type=\"core\">Izberite \u00bbDovoli nastavljanje lokalnih podatkov\u00ab.<\/li>\n<\/ol>\n\n\n\n<p class=\"eplus-wrapper\" data-block-type=\"core\"><\/p>\n\n\n\n<p class=\"eplus-wrapper\" style=\"font-size:22px\" data-block-type=\"core\"><br><strong>Microsoft Internet Explorer 6.0, 7.0, 8.0, 9.0<\/strong><br><br><\/p>\n\n\n\n<ol class=\"wp-block-list eplus-wrapper\" data-block-type=\"core\">\n<li class=\"eplus-wrapper\" data-block-type=\"core\">Kliknite \u00bbOrodja\u00ab na vrhu va\u0161ega brskalnika in izberite \u00bbInternetne mo\u017enosti\u00ab, nato kliknite zavihek \u00bbZasebnost\u00ab.<\/li>\n\n\n\n<li class=\"eplus-wrapper\" data-block-type=\"core\">Preverite, \u010de je raven va\u0161e zasebnosti nastavljena na srednjo ali manj, kar bo omogo\u010dilo uporabo pi\u0161kotkov v va\u0161em brskalniku.<\/li>\n\n\n\n<li class=\"eplus-wrapper\" data-block-type=\"core\">Nastavitev nad srednjo ravnjo bo onemogo\u010dila uporabo pi\u0161kotkov.<\/li>\n<\/ol>\n\n\n\n<p class=\"eplus-wrapper\" style=\"font-size:22px\" data-block-type=\"core\"><br><strong>Mozilla Firefox<\/strong><br><br><\/p>\n\n\n\n<ol class=\"wp-block-list eplus-wrapper\" data-block-type=\"core\">\n<li class=\"eplus-wrapper\" data-block-type=\"core\">Kliknite \u00bbOrodja\u00ab na vrhu va\u0161ega brskalnika in izberite \u00bbMo\u017enosti\u00ab.<\/li>\n\n\n\n<li class=\"eplus-wrapper\" data-block-type=\"core\">Nato izberite ikono \u00bbZasebnost\u00ab.<\/li>\n\n\n\n<li class=\"eplus-wrapper\" data-block-type=\"core\">Kliknite \u00bbPi\u0161kotki\u00ab in izberite mo\u017enost \u00bbDovoli stranem, da ustvarijo pi\u0161kote\u00ab.<\/li>\n<\/ol>\n\n\n\n<p class=\"eplus-wrapper\" style=\"font-size:22px\" data-block-type=\"core\"><br><strong>Safari<\/strong><br><br><\/p>\n\n\n\n<ol class=\"wp-block-list eplus-wrapper\" data-block-type=\"core\">\n<li class=\"eplus-wrapper\" data-block-type=\"core\">Kliknite ikono zobnika na vrhu va\u0161ega brskalnika in izberite mo\u017enost \u00bbNastavitve\u00ab.<\/li>\n\n\n\n<li class=\"eplus-wrapper\" data-block-type=\"core\">Kliknite \u00bbZasebnost\u00ab, nato ozna\u010dite mo\u017enost \u00bbOnemogo\u010di uporabo pi\u0161kotkov tretjih oseb in ogla\u0161evalnih pi\u0161kotkov\u00ab.<\/li>\n\n\n\n<li class=\"eplus-wrapper\" data-block-type=\"core\">Kliknite \u00bbShrani\u00ab.<\/li>\n<\/ol>\n\n\n\n<p class=\"eplus-wrapper\" style=\"font-size:22px\" data-block-type=\"core\"><br><strong>Kako upravljati pi\u0161kotke na ra\u010dunalniku Mac<\/strong><\/p>\n\n\n\n<p class=\"eplus-wrapper\" data-block-type=\"core\"><br>\u010ce \u017eelite omogo\u010diti pi\u0161kotke na\u0161e spletne strani, sledite spodnjim korakom.<\/p>\n\n\n\n<p class=\"eplus-wrapper\" style=\"font-size:22px\" data-block-type=\"core\"><br><strong>Microsoft Internet Explorer 5.0 on OSX<\/strong><br><br><\/p>\n\n\n\n<ol class=\"wp-block-list eplus-wrapper\" data-block-type=\"core\">\n<li class=\"eplus-wrapper\" data-block-type=\"core\">Kliknite \u00bbExplorer\u00ab na vrhu va\u0161ega brskalnika in izberite mo\u017enost \u00bbNastavitve\u00ab.<\/li>\n\n\n\n<li class=\"eplus-wrapper\" data-block-type=\"core\">Pomaknite se navzdol do \u00bbPi\u0161kotki\u00ab v razdelku \u00bbPrejete datoteke\u00ab.<\/li>\n\n\n\n<li class=\"eplus-wrapper\" data-block-type=\"core\">Izberite mo\u017enost \u00bbNikoli ne vpra\u0161aj\u00ab.<\/li>\n<\/ol>\n\n\n\n<p class=\"eplus-wrapper\" style=\"font-size:22px\" data-block-type=\"core\"><br><strong>Safari on OSX<\/strong><br><br><\/p>\n\n\n\n<ol class=\"wp-block-list eplus-wrapper\" data-block-type=\"core\">\n<li class=\"eplus-wrapper\" data-block-type=\"core\">Kliknite \u00bbSafari\u00ab na vrhu va\u0161ega brskalnika in izberite mo\u017enost \u00bbNastavitve\u00ab.<\/li>\n\n\n\n<li class=\"eplus-wrapper\" data-block-type=\"core\">Kliknite \u00bbZasebnost\u00ab in nato \u00bbOmogo\u010di uporabo pi\u0161kotkov\u00ab.<\/li>\n\n\n\n<li class=\"eplus-wrapper\" data-block-type=\"core\">Izberite \u00bbSamo na obiskanih straneh\u00ab.<\/li>\n<\/ol>\n\n\n\n<p class=\"eplus-wrapper\" style=\"font-size:22px\" data-block-type=\"core\"><br><strong>Mozilla and Netscape on OSX<\/strong><br><br><\/p>\n\n\n\n<ol class=\"wp-block-list eplus-wrapper\" data-block-type=\"core\">\n<li class=\"eplus-wrapper\" data-block-type=\"core\">Kliknite \u00bbMozilla\u00ab ali \u00bbNetscape\u00ab na vrhu va\u0161ega brskalnika in izberite mo\u017enost \u00bbNastavitve\u00ab.<\/li>\n\n\n\n<li class=\"eplus-wrapper\" data-block-type=\"core\">Pomaknite se navzdol do \u00bbPi\u0161kotki\u00ab v razdelku \u00bbZasebnost in varnost\u00ab.<\/li>\n\n\n\n<li class=\"eplus-wrapper\" data-block-type=\"core\">Izberite \u00bbDovoli pi\u0161kotke samo za izvorno spletno stran\u00ab.<\/li>\n<\/ol>\n\n\n\n<p class=\"eplus-wrapper\" style=\"font-size:22px\" data-block-type=\"core\"><br><strong>Opera<\/strong><br><br><\/p>\n\n\n\n<ol class=\"wp-block-list eplus-wrapper\" data-block-type=\"core\">\n<li class=\"eplus-wrapper\" data-block-type=\"core\">Kliknite \u00bbMeni\u00ab na vrhu va\u0161ega brskalnika in izberite \u00bbNastavitve\u00ab.<\/li>\n\n\n\n<li class=\"eplus-wrapper\" data-block-type=\"core\">Nato izberite \u00bbMo\u017enosti\u00ab in zavihek \u00bbNapredno\u00ab.<\/li>\n\n\n\n<li class=\"eplus-wrapper\" data-block-type=\"core\">Izberite mo\u017enost \u00bbOmogo\u010di uporabo pi\u0161kotkov\u00ab.<\/li>\n<\/ol>\n<\/div>\n\n\n\n<div style=\"height:60px\" aria-hidden=\"true\" class=\"wp-block-spacer is-style-responsive-medium eplus-wrapper\" data-block-type=\"core\"><\/div>\n\n\n\n<div class=\"wp-block-group eplus-wrapper has-global-padding is-layout-constrained wp-container-core-group-is-layout-44680055 wp-block-group-is-layout-constrained\" data-block-type=\"core\">\n<p class=\"eplus-wrapper\" style=\"font-size:22px\" data-block-type=\"core\"><strong>Spremembo nastavitev<\/strong><br><br><\/p>\n\n\n\n<p class=\"trigger_cookie_settings eplus-wrapper\" data-block-type=\"core\">Za spremembo nastavitev pi\u0161kotkov pritisnite na slede\u010do povezavo: <strong class=\"trigger_cookie_settings\" style=\"cursor:pointer;\">Nastavitve<\/strong><\/p>\n<\/div>\n\n\n\n<script>\n(function() {\n    \/\/ 1. Detect Language from WPML Cookie\n    function getLanguage() {\n        const name = \"wp-wpml_current_language\";\n        const value = `; ${document.cookie}`;\n        const parts = value.split(`; ${name}=`);\n        if (parts.length === 2) {\n            \/\/ Extracts the first 2 characters (e.g., \"sl\" from \"sldizart.si\")\n            return parts.pop().split(';').shift().substring(0, 2);\n        }\n        return \"sl\"; \n    }\n\n    const currentLang = getLanguage();\n\n    \/\/ 2. Translation Dictionary\n    const translations = {\n        sl: {\n            wpml_purpose: \"Shranjuje izbiro jezika uporabnika\",\n            statistika: \"Statistika ogledov spletne strani\",\n            statistika_seja: \"Statistika ogledov spletne strani za sejo\",\n            omejevanje: \"Omejevanje hitrosti zahtevkov\",\n            ga4_seja: \"Shranjuje stanje seje za GA4\",\n            gdpr: \"Pi\u0161kotek si zapomni Va\u0161e nastavitve glede pi\u0161kotkov\",\n            fb_pixel: \"Facebook pixel sledenje\",\n            lscache: \"Prilagajanje predpomnjenja za uporabnika\",\n            phpsessid: \"Ohranja uporabni\u0161ko sejo na stre\u017eniku\",\n            wc_cart: \"WooCommerce - hrani podatke o ko\u0161arici\",\n            sbjs: \"Sledenje obiskovalcev spletne strani\",\n            neznano_purpose: \"Neznano - preverite nastavitve pi\u0161kotkov\",\n            neznano_expiry: \"Neznano\",\n            seja: \"Do konca seje\",\n            leto: \"1 leto\",\n            leti: \"2 leti\"\n        },\n        en: {\n            wpml_purpose: \"Stores the user's language preference\",\n            statistika: \"Website traffic statistics\",\n            statistika_seja: \"Website traffic statistics for the session\",\n            omejevanje: \"Request rate limiting\",\n            ga4_seja: \"Stores GA4 session state\",\n            gdpr: \"Remembers your cookie consent settings\",\n            fb_pixel: \"Facebook Pixel tracking\",\n            lscache: \"User-specific cache adjustment\",\n            phpsessid: \"Maintains user session on the server\",\n            wc_cart: \"WooCommerce - stores cart info\",\n            sbjs: \"Visitor tracking\",\n            neznano_purpose: \"Unknown - check cookie settings\",\n            neznano_expiry: \"Unknown\",\n            seja: \"Session\",\n            leto: \"1 year\",\n            leti: \"2 years\"\n        }\n    };\n\n    const t = translations[currentLang] || translations[\"sl\"];\n\n    \/\/ 3. Excluded Cookies (Removed WPML from here so it shows in the table)\n    const excludedCookies = [\"cookie_to_exclude1\", \"cookie_to_exclude2\"];\n\n    function getCookiePurpose(name) {\n        const knownPurposes = {\n            \"wp-wpml_current_language\": t.wpml_purpose,\n            \"_ga\": t.statistika,\n            \"_gid\": t.statistika_seja,\n            \"moove_gdpr_popup\": t.gdpr,\n            \"_fbp\": t.fb_pixel,\n            \"PHPSESSID\": t.phpsessid,\n            \"woocommerce_cart_hash\": t.wc_cart\n        };\n\n        if (\/^sbjs_\/.test(name)) return t.sbjs;\n        for (let key in knownPurposes) {\n            if (name.startsWith(key)) return knownPurposes[key];\n        }\n        return t.neznano_purpose;\n    }\n\n    function getCookieExpiry(name) {\n        const knownExpiries = {\n            \"wp-wpml_current_language\": t.seja,\n            \"_ga\": t.leti,\n            \"PHPSESSID\": t.seja,\n            \"moove_gdpr_popup\": t.leto\n        };\n\n        if (\/^sbjs_\/.test(name)) return \"6 mesecev\";\n        for (let key in knownExpiries) {\n            if (name.startsWith(key)) return knownExpiries[key];\n        }\n        return t.neznano_expiry;\n    }\n\n    function addAllCookiesToTable() {\n        let cookies = document.cookie.split(\"; \");\n        let cookieData = [];\n\n        cookies.forEach(cookie => {\n            let [name, value] = cookie.split(\"=\");\n            if (!name || excludedCookies.includes(name)) return;\n\n            let purpose = getCookiePurpose(name);\n            let expiry = getCookieExpiry(name);\n            let siteUrl = window.location.origin;\n\n            cookieData.push({ name, purpose, expiry, siteUrl });\n        });\n\n        if (cookieData.length > 0) insertCookiesIntoTable(cookieData);\n    }\n\n    function insertCookiesIntoTable(cookieData) {\n        let table = document.querySelector(\"#tablepress-1 table tbody\");\n        if (!table) return;\n\n        cookieData.forEach(cookie => {\n            let row = document.createElement(\"tr\");\n            if (cookie.purpose === t.neznano_purpose) row.classList.add(\"hidden_row\");\n\n            row.innerHTML = `\n                <td>${cookie.name}<\/td>\n                <td>${cookie.purpose}<\/td>\n                <td>${cookie.expiry}<\/td>\n                <td><code><a href=\"${cookie.siteUrl}\">${cookie.siteUrl}<\/a><\/code><\/td>\n            `;\n            table.appendChild(row);\n        });\n    }\n\n    window.onload = addAllCookiesToTable;\n})();\n<\/script>\n<style>\n.hidden_row {\n    display: none !important;\n}\n.super_admin .hidden_row {\n    display: table-row !important;\n    background: red;\n    color: #fff;\n}  \n.wp-block-table table td,\n.wp-block-table table td *{\nfont-size:14px !important;\n}\n<\/style>\n","protected":false},"excerpt":{"rendered":"<p>Politika spletnih pi\u0161kotkov Da bi vam olaj\u0161ali uporabo na\u0161e spletne strani in jo naredili bolj prijetno, uporabljamo \u00bbpi\u0161kotke\u00ab.&nbsp;Pi\u0161kotki so majhne podatkovne enote, ki nam omogo\u010dajo primerjavo novih in predhodnih obiskovalcev, razumevanje, kako uporabljajo na\u0161o stran. Posredujejo nam podatke, s katerimi lahko naredimo prihodnji obisk spletne strani bolj prijeten in u\u010dinkovit. \u010ce ne \u017eelite uporabljati pi\u0161kotkov, [&hellip;]<\/p>\n","protected":false},"author":4,"featured_media":0,"parent":0,"menu_order":0,"comment_status":"closed","ping_status":"closed","template":"","meta":{"_acf_changed":false,"footnotes":""},"class_list":["post-2639","page","type-page","status-publish","hentry"],"acf":[],"yoast_head":"<!-- This site is optimized with the Yoast SEO plugin v27.5 - https:\/\/yoast.com\/product\/yoast-seo-wordpress\/ -->\n<title>Politka spletnih pi\u0161kotkov - Dizart<\/title>\n<meta name=\"robots\" content=\"index, follow, max-snippet:-1, max-image-preview:large, max-video-preview:-1\" \/>\n<link rel=\"canonical\" href=\"https:\/\/dizart.si\/en\/politika-spletnih-piskotkov\/\" \/>\n<meta property=\"og:locale\" content=\"en_US\" \/>\n<meta property=\"og:type\" content=\"article\" \/>\n<meta property=\"og:title\" content=\"Politka spletnih pi\u0161kotkov - Dizart\" \/>\n<meta property=\"og:description\" content=\"Politika spletnih pi\u0161kotkov Da bi vam olaj\u0161ali uporabo na\u0161e spletne strani in jo naredili bolj prijetno, uporabljamo \u00bbpi\u0161kotke\u00ab.&nbsp;Pi\u0161kotki so majhne podatkovne enote, ki nam omogo\u010dajo primerjavo novih in predhodnih obiskovalcev, razumevanje, kako uporabljajo na\u0161o stran. Posredujejo nam podatke, s katerimi lahko naredimo prihodnji obisk spletne strani bolj prijeten in u\u010dinkovit. \u010ce ne \u017eelite uporabljati pi\u0161kotkov, [&hellip;]\" \/>\n<meta property=\"og:url\" content=\"https:\/\/dizart.si\/en\/politika-spletnih-piskotkov\/\" \/>\n<meta property=\"og:site_name\" content=\"Dizart\" \/>\n<meta property=\"article:modified_time\" content=\"2025-12-19T07:49:14+00:00\" \/>\n<meta name=\"twitter:card\" content=\"summary_large_image\" \/>\n<meta name=\"twitter:label1\" content=\"Est. reading time\" \/>\n\t<meta name=\"twitter:data1\" content=\"4 minutes\" \/>\n<script type=\"application\/ld+json\" class=\"yoast-schema-graph\">{\"@context\":\"https:\\\/\\\/schema.org\",\"@graph\":[{\"@type\":\"WebPage\",\"@id\":\"https:\\\/\\\/dizart.si\\\/en\\\/politika-spletnih-piskotkov\\\/\",\"url\":\"https:\\\/\\\/dizart.si\\\/en\\\/politika-spletnih-piskotkov\\\/\",\"name\":\"Politka spletnih pi\u0161kotkov - Dizart\",\"isPartOf\":{\"@id\":\"https:\\\/\\\/dizart.si\\\/en\\\/#website\"},\"datePublished\":\"2025-03-10T08:19:17+00:00\",\"dateModified\":\"2025-12-19T07:49:14+00:00\",\"breadcrumb\":{\"@id\":\"https:\\\/\\\/dizart.si\\\/en\\\/politika-spletnih-piskotkov\\\/#breadcrumb\"},\"inLanguage\":\"en-US\",\"potentialAction\":[{\"@type\":\"ReadAction\",\"target\":[\"https:\\\/\\\/dizart.si\\\/en\\\/politika-spletnih-piskotkov\\\/\"]}]},{\"@type\":\"BreadcrumbList\",\"@id\":\"https:\\\/\\\/dizart.si\\\/en\\\/politika-spletnih-piskotkov\\\/#breadcrumb\",\"itemListElement\":[{\"@type\":\"ListItem\",\"position\":1,\"name\":\"Domov\",\"item\":\"https:\\\/\\\/dizart.si\\\/en\\\/\"},{\"@type\":\"ListItem\",\"position\":2,\"name\":\"Politka spletnih pi\u0161kotkov\"}]},{\"@type\":\"WebSite\",\"@id\":\"https:\\\/\\\/dizart.si\\\/en\\\/#website\",\"url\":\"https:\\\/\\\/dizart.si\\\/en\\\/\",\"name\":\"Dizart\",\"description\":\"Oblikovanje pohi\u0161tva\",\"potentialAction\":[{\"@type\":\"SearchAction\",\"target\":{\"@type\":\"EntryPoint\",\"urlTemplate\":\"https:\\\/\\\/dizart.si\\\/en\\\/?s={search_term_string}\"},\"query-input\":{\"@type\":\"PropertyValueSpecification\",\"valueRequired\":true,\"valueName\":\"search_term_string\"}}],\"inLanguage\":\"en-US\"}]}<\/script>\n<!-- \/ Yoast SEO plugin. -->","yoast_head_json":{"title":"Politka spletnih pi\u0161kotkov - Dizart","robots":{"index":"index","follow":"follow","max-snippet":"max-snippet:-1","max-image-preview":"max-image-preview:large","max-video-preview":"max-video-preview:-1"},"canonical":"https:\/\/dizart.si\/en\/politika-spletnih-piskotkov\/","og_locale":"en_US","og_type":"article","og_title":"Politka spletnih pi\u0161kotkov - Dizart","og_description":"Politika spletnih pi\u0161kotkov Da bi vam olaj\u0161ali uporabo na\u0161e spletne strani in jo naredili bolj prijetno, uporabljamo \u00bbpi\u0161kotke\u00ab.&nbsp;Pi\u0161kotki so majhne podatkovne enote, ki nam omogo\u010dajo primerjavo novih in predhodnih obiskovalcev, razumevanje, kako uporabljajo na\u0161o stran. Posredujejo nam podatke, s katerimi lahko naredimo prihodnji obisk spletne strani bolj prijeten in u\u010dinkovit. \u010ce ne \u017eelite uporabljati pi\u0161kotkov, [&hellip;]","og_url":"https:\/\/dizart.si\/en\/politika-spletnih-piskotkov\/","og_site_name":"Dizart","article_modified_time":"2025-12-19T07:49:14+00:00","twitter_card":"summary_large_image","twitter_misc":{"Est. reading time":"4 minutes"},"schema":{"@context":"https:\/\/schema.org","@graph":[{"@type":"WebPage","@id":"https:\/\/dizart.si\/en\/politika-spletnih-piskotkov\/","url":"https:\/\/dizart.si\/en\/politika-spletnih-piskotkov\/","name":"Politka spletnih pi\u0161kotkov - Dizart","isPartOf":{"@id":"https:\/\/dizart.si\/en\/#website"},"datePublished":"2025-03-10T08:19:17+00:00","dateModified":"2025-12-19T07:49:14+00:00","breadcrumb":{"@id":"https:\/\/dizart.si\/en\/politika-spletnih-piskotkov\/#breadcrumb"},"inLanguage":"en-US","potentialAction":[{"@type":"ReadAction","target":["https:\/\/dizart.si\/en\/politika-spletnih-piskotkov\/"]}]},{"@type":"BreadcrumbList","@id":"https:\/\/dizart.si\/en\/politika-spletnih-piskotkov\/#breadcrumb","itemListElement":[{"@type":"ListItem","position":1,"name":"Domov","item":"https:\/\/dizart.si\/en\/"},{"@type":"ListItem","position":2,"name":"Politka spletnih pi\u0161kotkov"}]},{"@type":"WebSite","@id":"https:\/\/dizart.si\/en\/#website","url":"https:\/\/dizart.si\/en\/","name":"Dizart","description":"Oblikovanje pohi\u0161tva","potentialAction":[{"@type":"SearchAction","target":{"@type":"EntryPoint","urlTemplate":"https:\/\/dizart.si\/en\/?s={search_term_string}"},"query-input":{"@type":"PropertyValueSpecification","valueRequired":true,"valueName":"search_term_string"}}],"inLanguage":"en-US"}]}},"_links":{"self":[{"href":"https:\/\/dizart.si\/en\/wp-json\/wp\/v2\/pages\/2639","targetHints":{"allow":["GET"]}}],"collection":[{"href":"https:\/\/dizart.si\/en\/wp-json\/wp\/v2\/pages"}],"about":[{"href":"https:\/\/dizart.si\/en\/wp-json\/wp\/v2\/types\/page"}],"author":[{"embeddable":true,"href":"https:\/\/dizart.si\/en\/wp-json\/wp\/v2\/users\/4"}],"replies":[{"embeddable":true,"href":"https:\/\/dizart.si\/en\/wp-json\/wp\/v2\/comments?post=2639"}],"version-history":[{"count":4,"href":"https:\/\/dizart.si\/en\/wp-json\/wp\/v2\/pages\/2639\/revisions"}],"predecessor-version":[{"id":2799,"href":"https:\/\/dizart.si\/en\/wp-json\/wp\/v2\/pages\/2639\/revisions\/2799"}],"wp:attachment":[{"href":"https:\/\/dizart.si\/en\/wp-json\/wp\/v2\/media?parent=2639"}],"curies":[{"name":"wp","href":"https:\/\/api.w.org\/{rel}","templated":true}]}}